{"id":39,"date":"2018-04-26T15:20:52","date_gmt":"2018-04-26T18:20:52","guid":{"rendered":"http:\/\/www.sologicapb.com.br\/site\/?page_id=39"},"modified":"2020-09-02T13:39:01","modified_gmt":"2020-09-02T16:39:01","slug":"sistema-sltef","status":"publish","type":"page","link":"https:\/\/www.sologicapb.com\/site\/sistema-sltef\/","title":{"rendered":"Sistema SLTEF"},"content":{"rendered":"<p><div  class=\"fusion-fullwidth fullwidth-box fusion-blend-mode nonhundred-percent-fullwidth\"  style='background-color: rgba(255,255,255,0);background-position: center center;background-repeat: no-repeat;padding-top:0px;padding-right:0px;padding-bottom:0px;padding-left:0px;'><div class=\"fusion-builder-row fusion-row \"><div  class=\"fusion-layout-column fusion_builder_column fusion_builder_column_1_1  fusion-one-full fusion-column-first fusion-column-last 1_1\"  style='margin-top:0px;margin-bottom:0px;'>\n\t\t\t\t\t<div class=\"fusion-column-wrapper\" style=\"background-position:left top;background-repeat:no-repeat;-webkit-background-size:cover;-moz-background-size:cover;-o-background-size:cover;background-size:cover;\"  data-bg-url=\"\">\n\t\t\t\t\t\t<div class=\"imageframe-align-center\"><span class=\"fusion-imageframe imageframe-none imageframe-1 hover-type-none\"><img decoding=\"async\" src=\"http:\/\/www.sologicapb.com\/site\/wp-content\/uploads\/2018\/04\/agilidade.png\" width=\"\" height=\"\" alt=\"\" title=\"\" class=\"img-responsive\"\/><\/span><\/div><div class=\"fusion-clearfix\"><\/div>\n\n\t\t\t\t\t<\/div>\n\t\t\t\t<\/div><\/div><\/div><div  class=\"fusion-fullwidth fullwidth-box fusion-blend-mode nonhundred-percent-fullwidth fusion-equal-height-columns\"  style='background-color: rgba(255,255,255,0);background-position: center center;background-repeat: no-repeat;padding-top:0px;padding-right:0px;padding-bottom:0px;padding-left:0px;'><div class=\"fusion-builder-row fusion-row \"><div  class=\"fusion-layout-column fusion_builder_column fusion_builder_column_1_3  fusion-one-third fusion-column-first 1_3\"  style='margin-top:0px;margin-bottom:0px;width:33.33%;width:calc(33.33% - ( ( 4% ) * 0.3333 ) );margin-right: 4%;'>\n\t\t\t\t\t<div class=\"fusion-column-wrapper\" style=\"background-position:left top;background-repeat:no-repeat;-webkit-background-size:cover;-moz-background-size:cover;-o-background-size:cover;background-size:cover;\"  data-bg-url=\"\">\n\t\t\t\t\t\t<span class=\"fusion-imageframe imageframe-none imageframe-2 hover-type-none\"><img decoding=\"async\" src=\"http:\/\/www.sologicapb.com\/site\/wp-content\/uploads\/2018\/04\/PORTAL-MULTIPLUS.png\" width=\"\" height=\"\" alt=\"\" title=\"\" class=\"img-responsive\"\/><\/span><div class=\"fusion-clearfix\"><\/div>\n\n\t\t\t\t\t<\/div>\n\t\t\t\t<\/div><div  class=\"fusion-layout-column fusion_builder_column fusion_builder_column_2_3  fusion-two-third fusion-column-last 2_3\"  style='margin-top:0px;margin-bottom:0px;width:66.66%;width:calc(66.66% - ( ( 4% ) * 0.6666 ) );'>\n\t\t\t\t\t<div class=\"fusion-column-wrapper\" style=\"background-position:left top;background-repeat:no-repeat;-webkit-background-size:cover;-moz-background-size:cover;-o-background-size:cover;background-size:cover;\"  data-bg-url=\"\">\n\t\t\t\t\t\t<div class=\"fusion-title title sep-underline sep-solid fusion-title-size-three\" style=\"border-bottom-color:#e0dede;margin-top:0px;margin-bottom:31px;\"><h3 class=\"title-heading-left\"><b>Benef\u00edcios<\/b><strong>\u00a0SLTEF Livre<\/strong><\/h3><\/div><ul>\n<li><strong>Relat\u00f3rios de Transa\u00e7\u00f5es em tempo real\u00a0<\/strong>Temos um portal web onde ser\u00e1 feito todo um acompanhamento das vendas em tempo real de onde estiver.<\/li>\n<li><strong>Opera\u00e7\u00e3o Simples\u00a0<\/strong>Transa\u00e7\u00f5es em at\u00e9 2 Segundos, de maneira simplificada e objetiva.<\/li>\n<li><strong>Reduz custos operacionais<\/strong>\u00a0ao permitir a gest\u00e3o centralizada dos\u00a0pagamentos em cart\u00f5es e outras opera\u00e7\u00f5es de TEF. Al\u00e9m disso, auxilia com\u00a0informa\u00e7\u00f5es para negociar melhores condi\u00e7\u00f5es junto \u00e0s administradoras de\u00a0cart\u00f5es<\/li>\n<li><strong>Oferece alta disponibilidade:<\/strong>\u00a0em caso de queda do link principal, o TEF\u00a0 se conecta a links de conting\u00eancia automaticamente. Al\u00e9m disso, apresenta\u00a0um arquitetura robusta baseada em bancos de dados e pode ser instalado em\u00a0ambiente de alta disponibilidade (cluster).<\/li>\n<li><strong>Viabiliza opera\u00e7\u00e3o de forma centralizada ou distribu\u00edda<\/strong>, permitindo aos\u00a0varejistas a op\u00e7\u00e3o pela arquitetura mais adequada \u00e0 sua rede de lojas.<\/li>\n<li><strong>Permite opera\u00e7\u00e3o em ambiente multiempresa e multiloja,<\/strong>\u00a0adequando-se a\u00a0empresas que prestam servi\u00e7os de terceiriza\u00e7\u00e3o de estrutura de TEF.<\/li>\n<li><strong>Apresenta integra\u00e7\u00e3o facilitada<\/strong>\u00a0com sistemas de frente de loja.<\/li>\n<\/ul>\n<div class=\"fusion-clearfix\"><\/div>\n\n\t\t\t\t\t<\/div>\n\t\t\t\t<\/div><div  class=\"fusion-layout-column fusion_builder_column fusion_builder_column_1_1  fusion-one-full fusion-column-first fusion-column-last 1_1\"  style='margin-top:0px;margin-bottom:0px;'>\n\t\t\t\t\t<div class=\"fusion-column-wrapper\" style=\"background-position:left top;background-repeat:no-repeat;-webkit-background-size:cover;-moz-background-size:cover;-o-background-size:cover;background-size:cover;\"  data-bg-url=\"\">\n\t\t\t\t\t\t<div class=\"fusion-sep-clear\"><\/div><div class=\"fusion-separator fusion-full-width-sep sep-single sep-solid\" style=\"border-color:#e0dede;border-top-width:1px;margin-left: auto;margin-right: auto;margin-top:10px;margin-bottom:10px;\"><span class=\"icon-wrapper\" style=\"border-color:#e0dede;\"><i class=\"fa fa-chevron-down\" style=\"color:#e0dede;\"><\/i><\/span><\/div><div class=\"fusion-clearfix\"><\/div>\n\n\t\t\t\t\t<\/div>\n\t\t\t\t<\/div><div  class=\"fusion-layout-column fusion_builder_column fusion_builder_column_1_3  fusion-one-third fusion-column-first 1_3\"  style='margin-top:-555px;margin-bottom:0px;width:33.33%;width:calc(33.33% - ( ( 4% ) * 0.3333 ) );margin-right: 4%;'>\n\t\t\t\t\t<div class=\"fusion-column-wrapper\" style=\"background-position:left top;background-repeat:no-repeat;-webkit-background-size:cover;-moz-background-size:cover;-o-background-size:cover;background-size:cover;\"  data-bg-url=\"\">\n\t\t\t\t\t\t<div class=\"fusion-title title sep-underline sep-solid fusion-title-center fusion-title-size-four\" style=\"border-bottom-color:#e0dede;margin-top:0px;margin-bottom:31px;\"><h4 class=\"title-heading-center\"><span style=\"color: #676666;\"><span style=\"vertical-align: inherit;\"><span style=\"vertical-align: inherit;\">Adquirentes<\/span><\/span><\/span><\/h4><\/div><span class=\"fusion-imageframe imageframe-none imageframe-3 hover-type-none\"><img decoding=\"async\" src=\"http:\/\/www.sologicapb.com\/site\/wp-content\/uploads\/2018\/04\/ADQUIRENTES-2.jpg\" width=\"\" height=\"\" alt=\"\" title=\"\" class=\"img-responsive\"\/><\/span><div class=\"fusion-clearfix\"><\/div>\n\n\t\t\t\t\t<\/div>\n\t\t\t\t<\/div><div  class=\"fusion-layout-column fusion_builder_column fusion_builder_column_2_3  fusion-two-third fusion-column-last 2_3\"  style='margin-top:-555px;margin-bottom:0px;width:66.66%;width:calc(66.66% - ( ( 4% ) * 0.6666 ) );'>\n\t\t\t\t\t<div class=\"fusion-column-wrapper\" style=\"background-position:left top;background-repeat:no-repeat;-webkit-background-size:cover;-moz-background-size:cover;-o-background-size:cover;background-size:cover;\"  data-bg-url=\"\">\n\t\t\t\t\t\t<div class=\"fusion-title title sep-underline sep-solid fusion-title-center fusion-title-size-four\" style=\"border-bottom-color:#e0dede;margin-top:0px;margin-bottom:31px;\"><h4 class=\"title-heading-center\"><span style=\"color: #676666;\"><span style=\"vertical-align: inherit;\"><span style=\"vertical-align: inherit;\">Bandeiras<\/span><\/span><\/span><\/h4><\/div><div class=\"fusion-sep-clear\"><\/div><div class=\"fusion-separator fusion-full-width-sep sep-none\" style=\"margin-left: auto;margin-right: auto;margin-top:;margin-bottom:10px;\"><\/div><span class=\"fusion-imageframe imageframe-none imageframe-4 hover-type-none\"><img decoding=\"async\" src=\"http:\/\/www.sologicapb.com\/site\/wp-content\/uploads\/2018\/04\/Bandeiras.jpg\" width=\"\" height=\"\" alt=\"\" title=\"\" class=\"img-responsive\"\/><\/span><div class=\"fusion-sep-clear\"><\/div><div class=\"fusion-separator fusion-full-width-sep sep-none\" style=\"margin-left: auto;margin-right: auto;margin-top:;margin-bottom:20px;\"><\/div><h5 style=\"text-align: center;\"><strong><em><span style=\"vertical-align: inherit;\"><span style=\"vertical-align: inherit;\"><span style=\"vertical-align: inherit;\"><span style=\"vertical-align: inherit;\">E n\u00e3o para por ai, entre em contato e confira quais mais Adquirentes e Bandeiras \u00e9 aceita no nosso TEF.<\/span><\/span><\/span><\/span><\/em><\/strong><\/h5>\n<div class=\"fusion-clearfix\"><\/div>\n\n\t\t\t\t\t<\/div>\n\t\t\t\t<\/div><\/div><\/div><\/p>\n","protected":false},"excerpt":{"rendered":"","protected":false},"author":1,"featured_media":0,"parent":0,"menu_order":0,"comment_status":"closed","ping_status":"closed","template":"","meta":{"footnotes":""},"_links":{"self":[{"href":"https:\/\/www.sologicapb.com\/site\/wp-json\/wp\/v2\/pages\/39"}],"collection":[{"href":"https:\/\/www.sologicapb.com\/site\/wp-json\/wp\/v2\/pages"}],"about":[{"href":"https:\/\/www.sologicapb.com\/site\/wp-json\/wp\/v2\/types\/page"}],"author":[{"embeddable":true,"href":"https:\/\/www.sologicapb.com\/site\/wp-json\/wp\/v2\/users\/1"}],"replies":[{"embeddable":true,"href":"https:\/\/www.sologicapb.com\/site\/wp-json\/wp\/v2\/comments?post=39"}],"version-history":[{"count":10,"href":"https:\/\/www.sologicapb.com\/site\/wp-json\/wp\/v2\/pages\/39\/revisions"}],"predecessor-version":[{"id":1903,"href":"https:\/\/www.sologicapb.com\/site\/wp-json\/wp\/v2\/pages\/39\/revisions\/1903"}],"wp:attachment":[{"href":"https:\/\/www.sologicapb.com\/site\/wp-json\/wp\/v2\/media?parent=39"}],"curies":[{"name":"wp","href":"https:\/\/api.w.org\/{rel}","templated":true}]}}