{"id":20,"date":"2018-04-26T14:54:11","date_gmt":"2018-04-26T17:54:11","guid":{"rendered":"http:\/\/www.sologicapb.com.br\/site\/?page_id=20"},"modified":"2020-09-02T11:10:44","modified_gmt":"2020-09-02T14:10:44","slug":"sgbr","status":"publish","type":"page","link":"https:\/\/www.sologicapb.com\/site\/software\/sgbr\/","title":{"rendered":"Sistema SGBR"},"content":{"rendered":"<p><div  class=\"fusion-fullwidth fullwidth-box fusion-blend-mode nonhundred-percent-fullwidth\"  style='background-color: rgba(255,255,255,0);background-position: center center;background-repeat: no-repeat;padding-top:0px;padding-right:0px;padding-bottom:0px;padding-left:0px;'><div class=\"fusion-builder-row fusion-row \"><div  class=\"fusion-layout-column fusion_builder_column fusion_builder_column_1_2  fusion-one-half fusion-column-first 1_2\"  style='margin-top:0px;margin-bottom:0px;width:50%;width:calc(50% - ( ( 4% ) * 0.5 ) );margin-right: 4%;'>\n\t\t\t\t\t<div class=\"fusion-column-wrapper\" style=\"background-position:left top;background-repeat:no-repeat;-webkit-background-size:cover;-moz-background-size:cover;-o-background-size:cover;background-size:cover;\"  data-bg-url=\"\">\n\t\t\t\t\t\t<span class=\"fusion-imageframe imageframe-none imageframe-1 hover-type-none\"><img decoding=\"async\" src=\"http:\/\/www.sologicapb.com\/site\/wp-content\/uploads\/2018\/04\/sgbrnote.png\" width=\"\" height=\"\" alt=\"\" title=\"\" class=\"img-responsive\"\/><\/span><div class=\"fusion-clearfix\"><\/div>\n\n\t\t\t\t\t<\/div>\n\t\t\t\t<\/div><div  class=\"fusion-layout-column fusion_builder_column fusion_builder_column_1_2  fusion-one-half fusion-column-last 1_2\"  style='margin-top:0px;margin-bottom:0px;width:50%;width:calc(50% - ( ( 4% ) * 0.5 ) );'>\n\t\t\t\t\t<div class=\"fusion-column-wrapper\" style=\"background-position:left top;background-repeat:no-repeat;-webkit-background-size:cover;-moz-background-size:cover;-o-background-size:cover;background-size:cover;\"  data-bg-url=\"\">\n\t\t\t\t\t\t<p><span style=\"color: #00aeee;\">O SG Master \u00e9 o resultado da combina\u00e7\u00e3o de tecnologia e intelig\u00eancia com o objetivo da otimiza\u00e7\u00e3o de recursos, amplia\u00e7\u00e3o de seus neg\u00f3cios,<br \/>\nrelacionamento e automa\u00e7\u00e3o de processos empresariais.<\/span><\/p>\n<p><span style=\"color: #00aeee;\"> Um Programa vers\u00e1til e robusto, tudo isso integrado a um poderoso<br \/>\nretaguarda com banco de dados Firebird, ideal para gerenciar micro, pequenas e m\u00e9dias empresas de com\u00e9rcio<\/span><\/p>\n<p><span style=\"color: #00aeee;\"> SG Master. Agilidade e multiplicidade que acompanha a evolu\u00e7\u00e3o dos seus neg\u00f3cios!<\/span><\/p>\n<div class=\"fusion-clearfix\"><\/div>\n\n\t\t\t\t\t<\/div>\n\t\t\t\t<\/div><\/div><\/div><div  class=\"fusion-fullwidth fullwidth-box fusion-blend-mode nonhundred-percent-fullwidth fusion-equal-height-columns\"  style='background-color: rgba(255,255,255,0);background-position: center center;background-repeat: no-repeat;padding-top:0px;padding-right:0px;padding-bottom:0px;padding-left:0px;margin-bottom: 30px;margin-top: 30px;'><div class=\"fusion-builder-row fusion-row \"><div  class=\"fusion-layout-column fusion_builder_column fusion_builder_column_1_5  fusion-one-fifth fusion-column-first fusion-column-no-min-height 1_5\"  style='margin-top:0px;margin-bottom:5px;width:20%;width:calc(20% - ( ( 4% + 4% + 4% + 4% ) * 0.2 ) );margin-right: 4%;'>\n\t\t\t\t\t<div class=\"fusion-column-wrapper\" style=\"background-position:left top;background-repeat:no-repeat;-webkit-background-size:cover;-moz-background-size:cover;-o-background-size:cover;background-size:cover;\"  data-bg-url=\"\">\n\t\t\t\t\t\t<div class=\"fusion-column-content-centered\"><div class=\"fusion-column-content\"><div class=\"fusion-title title sep-underline sep-solid fusion-title-center fusion-title-size-three\" style=\"border-bottom-color:#e0dede;margin-top:0px;margin-bottom:31px;\"><h3 class=\"title-heading-center\">NF-e<\/h3><\/div><div class=\"fusion-title title fusion-sep-none fusion-title-center fusion-title-size-six\" style=\"margin-top:-20px;margin-bottom:31px;\"><h6 class=\"title-heading-center\"><p style=\"text-align: center;\">Nota Fiscal Eletr\u00f4nica<\/p><\/h6><\/div><\/div><\/div><div class=\"fusion-clearfix\"><\/div>\n\n\t\t\t\t\t<\/div>\n\t\t\t\t<\/div><div  class=\"fusion-layout-column fusion_builder_column fusion_builder_column_1_5  fusion-one-fifth fusion-column-no-min-height 1_5\"  style='margin-top:0px;margin-bottom:5px;width:20%;width:calc(20% - ( ( 4% + 4% + 4% + 4% ) * 0.2 ) );margin-right: 4%;'>\n\t\t\t\t\t<div class=\"fusion-column-wrapper\" style=\"background-position:left top;background-repeat:no-repeat;-webkit-background-size:cover;-moz-background-size:cover;-o-background-size:cover;background-size:cover;\"  data-bg-url=\"\">\n\t\t\t\t\t\t<div class=\"fusion-column-content-centered\"><div class=\"fusion-column-content\"><div class=\"fusion-title title sep-underline sep-solid fusion-title-center fusion-title-size-three\" style=\"border-bottom-color:#e0dede;margin-top:0px;margin-bottom:31px;\"><h3 class=\"title-heading-center\">NFC-e<\/h3><\/div><div class=\"fusion-title title fusion-sep-none fusion-title-center fusion-title-size-six\" style=\"margin-top:-20px;margin-bottom:31px;\"><h6 class=\"title-heading-center\"><p style=\"text-align: center;\">Nota Fiscal do Consumidor Eletr\u00f4nica<\/p><\/h6><\/div><\/div><\/div><div class=\"fusion-clearfix\"><\/div>\n\n\t\t\t\t\t<\/div>\n\t\t\t\t<\/div><div  class=\"fusion-layout-column fusion_builder_column fusion_builder_column_1_5  fusion-one-fifth fusion-column-no-min-height 1_5\"  style='margin-top:0px;margin-bottom:5px;width:20%;width:calc(20% - ( ( 4% + 4% + 4% + 4% ) * 0.2 ) );margin-right: 4%;'>\n\t\t\t\t\t<div class=\"fusion-column-wrapper\" style=\"background-position:left top;background-repeat:no-repeat;-webkit-background-size:cover;-moz-background-size:cover;-o-background-size:cover;background-size:cover;\"  data-bg-url=\"\">\n\t\t\t\t\t\t<div class=\"fusion-column-content-centered\"><div class=\"fusion-column-content\"><div class=\"fusion-title title sep-underline sep-solid fusion-title-center fusion-title-size-three\" style=\"border-bottom-color:#e0dede;margin-top:0px;margin-bottom:31px;\"><h3 class=\"title-heading-center\">TEF<\/h3><\/div><div class=\"fusion-title title fusion-sep-none fusion-title-center fusion-title-size-six\" style=\"margin-top:-20px;margin-bottom:31px;\"><h6 class=\"title-heading-center\"><p style=\"text-align: center;\">Homologado TEF<\/p><\/h6><\/div><\/div><\/div><div class=\"fusion-clearfix\"><\/div>\n\n\t\t\t\t\t<\/div>\n\t\t\t\t<\/div><div  class=\"fusion-layout-column fusion_builder_column fusion_builder_column_1_5  fusion-one-fifth fusion-column-no-min-height 1_5\"  style='margin-top:0px;margin-bottom:5px;width:20%;width:calc(20% - ( ( 4% + 4% + 4% + 4% ) * 0.2 ) );margin-right: 4%;'>\n\t\t\t\t\t<div class=\"fusion-column-wrapper\" style=\"background-position:left top;background-repeat:no-repeat;-webkit-background-size:cover;-moz-background-size:cover;-o-background-size:cover;background-size:cover;\"  data-bg-url=\"\">\n\t\t\t\t\t\t<div class=\"fusion-column-content-centered\"><div class=\"fusion-column-content\"><div class=\"fusion-title title sep-underline sep-solid fusion-title-center fusion-title-size-three\" style=\"border-bottom-color:#e0dede;margin-top:0px;margin-bottom:31px;\"><h3 class=\"title-heading-center\">NFS-e<\/h3><\/div><div class=\"fusion-title title fusion-sep-none fusion-title-center fusion-title-size-six\" style=\"margin-top:-20px;margin-bottom:31px;\"><h6 class=\"title-heading-center\"><p style=\"text-align: center;\">Nota Fiscal de Servi\u00e7o Eletr\u00f4nica<\/p><\/h6><\/div><\/div><\/div><div class=\"fusion-clearfix\"><\/div>\n\n\t\t\t\t\t<\/div>\n\t\t\t\t<\/div><div  class=\"fusion-layout-column fusion_builder_column fusion_builder_column_1_5  fusion-one-fifth fusion-column-last fusion-column-no-min-height 1_5\"  style='margin-top:0px;margin-bottom:5px;width:20%;width:calc(20% - ( ( 4% + 4% + 4% + 4% ) * 0.2 ) );'>\n\t\t\t\t\t<div class=\"fusion-column-wrapper\" style=\"background-position:left top;background-repeat:no-repeat;-webkit-background-size:cover;-moz-background-size:cover;-o-background-size:cover;background-size:cover;\"  data-bg-url=\"\">\n\t\t\t\t\t\t<div class=\"fusion-column-content-centered\"><div class=\"fusion-column-content\"><div class=\"fusion-title title sep-underline sep-solid fusion-title-center fusion-title-size-three\" style=\"border-bottom-color:#e0dede;margin-top:0px;margin-bottom:31px;\"><h3 class=\"title-heading-center\">CT-e<\/h3><\/div><div class=\"fusion-title title fusion-sep-none fusion-title-center fusion-title-size-six\" style=\"margin-top:-20px;margin-bottom:31px;\"><h6 class=\"title-heading-center\"><p style=\"text-align: center;\">Conhecimento de Transporte Eletr\u00f4nico<\/p><\/h6><\/div><\/div><\/div><div class=\"fusion-clearfix\"><\/div>\n\n\t\t\t\t\t<\/div>\n\t\t\t\t<\/div><div  class=\"fusion-layout-column fusion_builder_column fusion_builder_column_1_5  fusion-one-fifth fusion-column-first fusion-column-no-min-height 1_5\"  style='margin-top:0px;margin-bottom:5px;width:20%;width:calc(20% - ( ( 4% + 4% + 4% + 4% ) * 0.2 ) );margin-right: 4%;'>\n\t\t\t\t\t<div class=\"fusion-column-wrapper\" style=\"background-position:left top;background-repeat:no-repeat;-webkit-background-size:cover;-moz-background-size:cover;-o-background-size:cover;background-size:cover;\"  data-bg-url=\"\">\n\t\t\t\t\t\t<div class=\"fusion-column-content-centered\"><div class=\"fusion-column-content\"><div class=\"fusion-title title sep-underline sep-solid fusion-title-center fusion-title-size-three\" style=\"border-bottom-color:#e0dede;margin-top:0px;margin-bottom:31px;\"><h3 class=\"title-heading-center\">BAR<\/h3><\/div><div class=\"fusion-title title fusion-sep-none fusion-title-center fusion-title-size-six\" style=\"margin-top:-20px;margin-bottom:31px;\"><h6 class=\"title-heading-center\"><p style=\"text-align: center;\">Comanda para bares e restaurantes<\/p><\/h6><\/div><\/div><\/div><div class=\"fusion-clearfix\"><\/div>\n\n\t\t\t\t\t<\/div>\n\t\t\t\t<\/div><div  class=\"fusion-layout-column fusion_builder_column fusion_builder_column_1_5  fusion-one-fifth fusion-column-no-min-height 1_5\"  style='margin-top:0px;margin-bottom:5px;width:20%;width:calc(20% - ( ( 4% + 4% + 4% + 4% ) * 0.2 ) );margin-right: 4%;'>\n\t\t\t\t\t<div class=\"fusion-column-wrapper\" style=\"background-position:left top;background-repeat:no-repeat;-webkit-background-size:cover;-moz-background-size:cover;-o-background-size:cover;background-size:cover;\"  data-bg-url=\"\">\n\t\t\t\t\t\t<div class=\"fusion-column-content-centered\"><div class=\"fusion-column-content\"><div class=\"fusion-title title sep-underline sep-solid fusion-title-center fusion-title-size-three\" style=\"border-bottom-color:#e0dede;margin-top:0px;margin-bottom:31px;\"><h3 class=\"title-heading-center\">MDF-e<\/h3><\/div><div class=\"fusion-title title fusion-sep-none fusion-title-center fusion-title-size-six\" style=\"margin-top:-20px;margin-bottom:31px;\"><h6 class=\"title-heading-center\"><p style=\"text-align: center;\">Manifesto de documento fiscal eletr\u00f4nico<\/p><\/h6><\/div><\/div><\/div><div class=\"fusion-clearfix\"><\/div>\n\n\t\t\t\t\t<\/div>\n\t\t\t\t<\/div><div  class=\"fusion-layout-column fusion_builder_column fusion_builder_column_1_5  fusion-one-fifth fusion-column-no-min-height 1_5\"  style='margin-top:0px;margin-bottom:5px;width:20%;width:calc(20% - ( ( 4% + 4% + 4% + 4% ) * 0.2 ) );margin-right: 4%;'>\n\t\t\t\t\t<div class=\"fusion-column-wrapper\" style=\"background-position:left top;background-repeat:no-repeat;-webkit-background-size:cover;-moz-background-size:cover;-o-background-size:cover;background-size:cover;\"  data-bg-url=\"\">\n\t\t\t\t\t\t<div class=\"fusion-column-content-centered\"><div class=\"fusion-column-content\"><div class=\"fusion-title title sep-underline sep-solid fusion-title-center fusion-title-size-three\" style=\"border-bottom-color:#e0dede;margin-top:0px;margin-bottom:31px;\"><h3 class=\"title-heading-center\">MF-e-SAT<\/h3><\/div><div class=\"fusion-title title fusion-sep-none fusion-title-center fusion-title-size-six\" style=\"margin-top:-20px;margin-bottom:31px;\"><h6 class=\"title-heading-center\">Modulo Fiscal Eletr\u00f4nico<\/h6><\/div><\/div><\/div><div class=\"fusion-clearfix\"><\/div>\n\n\t\t\t\t\t<\/div>\n\t\t\t\t<\/div><div  class=\"fusion-layout-column fusion_builder_column fusion_builder_column_1_5  fusion-one-fifth fusion-column-no-min-height 1_5\"  style='margin-top:0px;margin-bottom:5px;width:20%;width:calc(20% - ( ( 4% + 4% + 4% + 4% ) * 0.2 ) );margin-right: 4%;'>\n\t\t\t\t\t<div class=\"fusion-column-wrapper\" style=\"background-position:left top;background-repeat:no-repeat;-webkit-background-size:cover;-moz-background-size:cover;-o-background-size:cover;background-size:cover;\"  data-bg-url=\"\">\n\t\t\t\t\t\t<div class=\"fusion-column-content-centered\"><div class=\"fusion-column-content\"><div class=\"fusion-title title sep-underline sep-solid fusion-title-center fusion-title-size-three\" style=\"border-bottom-color:#e0dede;margin-top:0px;margin-bottom:31px;\"><h3 class=\"title-heading-center\">CF-e-SAT<\/h3><\/div><div class=\"fusion-title title fusion-sep-none fusion-title-center fusion-title-size-six\" style=\"margin-top:-20px;margin-bottom:31px;\"><h6 class=\"title-heading-center\"><p style=\"text-align: center;\">Cupom Fiscal Eletr\u00f4nico<\/p><\/h6><\/div><\/div><\/div><div class=\"fusion-clearfix\"><\/div>\n\n\t\t\t\t\t<\/div>\n\t\t\t\t<\/div><div  class=\"fusion-layout-column fusion_builder_column fusion_builder_column_1_5  fusion-one-fifth fusion-column-last fusion-column-no-min-height 1_5\"  style='margin-top:0px;margin-bottom:5px;width:20%;width:calc(20% - ( ( 4% + 4% + 4% + 4% ) * 0.2 ) );'>\n\t\t\t\t\t<div class=\"fusion-column-wrapper\" style=\"background-position:left top;background-repeat:no-repeat;-webkit-background-size:cover;-moz-background-size:cover;-o-background-size:cover;background-size:cover;\"  data-bg-url=\"\">\n\t\t\t\t\t\t<div class=\"fusion-column-content-centered\"><div class=\"fusion-column-content\"><div class=\"fusion-title title sep-underline sep-solid fusion-title-center fusion-title-size-three\" style=\"border-bottom-color:#e0dede;margin-top:0px;margin-bottom:31px;\"><h3 class=\"title-heading-center\">SPED<\/h3><\/div><div class=\"fusion-title title fusion-sep-none fusion-title-center fusion-title-size-six\" style=\"margin-top:-20px;margin-bottom:31px;\"><h6 class=\"title-heading-center\"><p style=\"text-align: center;\">Documentos Fiscais<\/p><\/h6><\/div><\/div><\/div><div class=\"fusion-clearfix\"><\/div>\n\n\t\t\t\t\t<\/div>\n\t\t\t\t<\/div><div  class=\"fusion-layout-column fusion_builder_column fusion_builder_column_1_1  fusion-one-full fusion-column-first fusion-column-last 1_1\"  style='margin-top:0px;margin-bottom:0px;'>\n\t\t\t\t\t<div class=\"fusion-column-wrapper\" style=\"background-position:left top;background-repeat:no-repeat;-webkit-background-size:cover;-moz-background-size:cover;-o-background-size:cover;background-size:cover;\"  data-bg-url=\"\">\n\t\t\t\t\t\t<div class=\"fusion-sep-clear\"><\/div><div class=\"fusion-separator sep-single sep-solid\" style=\"border-color:#e0dede;border-top-width:1px;margin-left: auto;margin-right: auto;margin-top:0px;margin-bottom:0px;width:100%;max-width:60%;\"><span class=\"icon-wrapper\" style=\"border-color:transparent;\"><i class=\"fa fa-chevron-down\" style=\"color:#e0dede;\"><\/i><\/span><\/div><div class=\"fusion-clearfix\"><\/div>\n\n\t\t\t\t\t<\/div>\n\t\t\t\t<\/div><\/div><\/div><div  class=\"fusion-fullwidth fullwidth-box fusion-blend-mode nonhundred-percent-fullwidth\"  style='background-color: rgba(255,255,255,0);background-position: center center;background-repeat: no-repeat;padding-top:0px;padding-right:0px;padding-bottom:0px;padding-left:0px;margin-top: -150px;'><div class=\"fusion-builder-row fusion-row \"><div  class=\"fusion-layout-column fusion_builder_column fusion_builder_column_1_2  fusion-one-half fusion-column-first 1_2\"  style='margin-top:0px;margin-bottom:0px;width:50%;width:calc(50% - ( ( 4% ) * 0.5 ) );margin-right: 4%;'>\n\t\t\t\t\t<div class=\"fusion-column-wrapper\" style=\"background-position:left top;background-repeat:no-repeat;-webkit-background-size:cover;-moz-background-size:cover;-o-background-size:cover;background-size:cover;\"  data-bg-url=\"\">\n\t\t\t\t\t\t<div class=\"fusion-title title fusion-sep-none fusion-title-size-three\" style=\"margin-top:0px;margin-bottom:31px;\"><h3 class=\"title-heading-left\">Requisitos do Sistema<\/h3><\/div><ul class=\"fusion-checklist fusion-checklist-1\" style=\"font-size:13px;line-height:22.1px;\"><li class=\"fusion-li-item\"><span style=\"height:22.1px;width:22.1px;margin-right:9.1px;\" class=\"icon-wrapper circle-no\"><i class=\"fusion-li-icon fa fa-check\" style=\"color:#2176ff;\"><\/i><\/span><div class=\"fusion-li-item-content\" style=\"margin-left:31.2px;\">\n<p>PC com Processador 2.0 Ghz ou Superior<\/p>\n<\/div><\/li><li class=\"fusion-li-item\"><span style=\"height:22.1px;width:22.1px;margin-right:9.1px;\" class=\"icon-wrapper circle-no\"><i class=\"fusion-li-icon fa fa-check\" style=\"color:#2176ff;\"><\/i><\/span><div class=\"fusion-li-item-content\" style=\"margin-left:31.2px;\">\n<p>2 GB Memoria Ram ou Superior<\/p>\n<\/div><\/li><li class=\"fusion-li-item\"><span style=\"height:22.1px;width:22.1px;margin-right:9.1px;\" class=\"icon-wrapper circle-no\"><i class=\"fusion-li-icon fa fa-check\" style=\"color:#2176ff;\"><\/i><\/span><div class=\"fusion-li-item-content\" style=\"margin-left:31.2px;\">\n<p>5 GB de Armazenamento no HD Livre<\/p>\n<\/div><\/li><li class=\"fusion-li-item\"><span style=\"height:22.1px;width:22.1px;margin-right:9.1px;\" class=\"icon-wrapper circle-no\"><i class=\"fusion-li-icon fa fa-check\" style=\"color:#2176ff;\"><\/i><\/span><div class=\"fusion-li-item-content\" style=\"margin-left:31.2px;\">\n<p>Monitor com resolu\u00e7\u00e3o minima de 1024&#215;768<\/p>\n<\/div><\/li><\/ul><div class=\"fusion-clearfix\"><\/div>\n\n\t\t\t\t\t<\/div>\n\t\t\t\t<\/div><div  class=\"fusion-layout-column fusion_builder_column fusion_builder_column_1_2  fusion-one-half fusion-column-last 1_2\"  style='margin-top:0px;margin-bottom:0px;width:50%;width:calc(50% - ( ( 4% ) * 0.5 ) );'>\n\t\t\t\t\t<div class=\"fusion-column-wrapper\" style=\"background-position:left top;background-repeat:no-repeat;-webkit-background-size:cover;-moz-background-size:cover;-o-background-size:cover;background-size:cover;\"  data-bg-url=\"\">\n\t\t\t\t\t\t<div class=\"fusion-title title fusion-sep-none fusion-title-size-three\" style=\"margin-top:0px;margin-bottom:31px;\"><h3 class=\"title-heading-left\">Sistemas Operacionais<\/h3><\/div><ul class=\"fusion-checklist fusion-checklist-2\" style=\"font-size:13px;line-height:22.1px;\"><li class=\"fusion-li-item\"><span style=\"height:22.1px;width:22.1px;margin-right:9.1px;\" class=\"icon-wrapper circle-no\"><i class=\"fusion-li-icon fa fa-check\" style=\"color:#2176ff;\"><\/i><\/span><div class=\"fusion-li-item-content\" style=\"margin-left:31.2px;\">\n<p>Windows 2003<\/p>\n<\/div><\/li><li class=\"fusion-li-item\"><span style=\"height:22.1px;width:22.1px;margin-right:9.1px;\" class=\"icon-wrapper circle-no\"><i class=\"fusion-li-icon fa fa-check\" style=\"color:#2176ff;\"><\/i><\/span><div class=\"fusion-li-item-content\" style=\"margin-left:31.2px;\">\n<p>Windows XP<\/p>\n<\/div><\/li><li class=\"fusion-li-item\"><span style=\"height:22.1px;width:22.1px;margin-right:9.1px;\" class=\"icon-wrapper circle-no\"><i class=\"fusion-li-icon fa fa-check\" style=\"color:#2176ff;\"><\/i><\/span><div class=\"fusion-li-item-content\" style=\"margin-left:31.2px;\">\n<p>Windows 7 (32 ou 64 bits)<\/p>\n<\/div><\/li><li class=\"fusion-li-item\"><span style=\"height:22.1px;width:22.1px;margin-right:9.1px;\" class=\"icon-wrapper circle-no\"><i class=\"fusion-li-icon fa fa-check\" style=\"color:#2176ff;\"><\/i><\/span><div class=\"fusion-li-item-content\" style=\"margin-left:31.2px;\">\n<p>Windows 8, 8.1 (32 ou 64 bits)<\/p>\n<\/div><\/li><li class=\"fusion-li-item\"><span style=\"height:22.1px;width:22.1px;margin-right:9.1px;\" class=\"icon-wrapper circle-no\"><i class=\"fusion-li-icon fa fa-check\" style=\"color:#2176ff;\"><\/i><\/span><div class=\"fusion-li-item-content\" style=\"margin-left:31.2px;\">\n<p>Windows 10 (32 ou 64 bits)<\/p>\n<\/div><\/li><\/ul><div class=\"fusion-clearfix\"><\/div>\n\n\t\t\t\t\t<\/div>\n\t\t\t\t<\/div><\/div><\/div><\/p>\n","protected":false},"excerpt":{"rendered":"","protected":false},"author":1,"featured_media":0,"parent":14,"menu_order":0,"comment_status":"closed","ping_status":"closed","template":"","meta":{"footnotes":""},"_links":{"self":[{"href":"https:\/\/www.sologicapb.com\/site\/wp-json\/wp\/v2\/pages\/20"}],"collection":[{"href":"https:\/\/www.sologicapb.com\/site\/wp-json\/wp\/v2\/pages"}],"about":[{"href":"https:\/\/www.sologicapb.com\/site\/wp-json\/wp\/v2\/types\/page"}],"author":[{"embeddable":true,"href":"https:\/\/www.sologicapb.com\/site\/wp-json\/wp\/v2\/users\/1"}],"replies":[{"embeddable":true,"href":"https:\/\/www.sologicapb.com\/site\/wp-json\/wp\/v2\/comments?post=20"}],"version-history":[{"count":8,"href":"https:\/\/www.sologicapb.com\/site\/wp-json\/wp\/v2\/pages\/20\/revisions"}],"predecessor-version":[{"id":1885,"href":"https:\/\/www.sologicapb.com\/site\/wp-json\/wp\/v2\/pages\/20\/revisions\/1885"}],"up":[{"embeddable":true,"href":"https:\/\/www.sologicapb.com\/site\/wp-json\/wp\/v2\/pages\/14"}],"wp:attachment":[{"href":"https:\/\/www.sologicapb.com\/site\/wp-json\/wp\/v2\/media?parent=20"}],"curies":[{"name":"wp","href":"https:\/\/api.w.org\/{rel}","templated":true}]}}